{"id":2448,"date":"2026-04-19T15:35:17","date_gmt":"2026-04-19T15:35:17","guid":{"rendered":"https:\/\/www.carmasec.com\/?page_id=2448"},"modified":"2026-04-20T08:24:52","modified_gmt":"2026-04-20T08:24:52","slug":"newsletter-cyberpulse","status":"publish","type":"page","link":"https:\/\/www.carmasec.com\/de\/newsletter-cyberpulse\/","title":{"rendered":"Newsletteranmeldung"},"content":{"rendered":"\n<section id=\"m-hero__container-block_0d9cafe6aeb526ca983145101a12bc3f\" class=\"m-hero__container  u-color-white u-relative\"><figure class=\"u-absolute u-pos--top u-pos--left u-full--width u-full--height\"><img decoding=\"async\" src=\"https:\/\/www.carmasec.com\/wp-content\/uploads\/2026\/04\/background-image-hero-1920x700.jpg\" width=\"1920\" height=\"700\" srcset=\"\" sizes=\"(max-width: 1920px) 100vw, 1920px\" alt=\"Blauer Hintergrund\" class=\"u-image--cover\"  \/>\n        <\/figure><div class=\"o-container u-relative u-index--1 u-pt-x20 u-pb-x16 u-pt-x40@md u-pb-x28@md\">\n        <div class=\"o-grid o-grid--center u-text-center\">\n            <div class=\"o-grid__col u-8\/12@md u-mt-x6 u-mt-x0@sm\" data-aos=\"none\">\n                <h1>carmasec CyberPulse Newsletter \u2013 der Newsletter mit wertvollen Infos rund um Cybersecurity<\/h1>\n<p>Jeden Monat pers\u00f6nlich f\u00fcr dich: Carsten Marmulla liefert dir mit dem CyberPulse aktuelle Entwicklungen, seltene Insights und handfeste Strategien, damit deine Cybersecurity immer einen Schritt voraus ist.<\/p>\n<p><a class=\"c-btn c-btn__primary u-mt-x3\" href=\"#form\">Ja, ich will den Newsletter<\/a><\/p>\n\n            <\/div>\n        <\/div>\n    <\/div>\n<\/section>\n\n\n<section id=\"form\" data-anchor-title=\"form\" class=\"m-form-text__container u-pt-x8 u-pb-x8 u-pt-x20@md u-pb-x20@md\">\n    <div class=\"o-container u-relative\">\n        <div class=\"o-grid o-grid--center\">\n            <article class=\"o-grid__col u-6\/12@sm u-4\/12@lg u-mb-x6 u-mb-x0@sm\" data-aos=\"none\">\n                <h2>Jetzt zum Newsletter anmelden<\/h2>\n<p>F\u00fclle einfach das Formular aus und du erh\u00e4ltst im Anschluss eine E-Mail mit einem Best\u00e4tigungslink. Ein Klick darauf gen\u00fcgt und du bekommst einmal 1 Monat den carmasec Newsletter &#8222;CyberPulse&#8220;.<\/p>\n<p><img decoding=\"async\" class=\"alignnone size-medium wp-image-2468\" src=\"https:\/\/www.carmasec.com\/wp-content\/uploads\/2026\/04\/Newsletter_carmasec_anmeldung-300x167.jpg\" alt=\"Newsletter anmeldung mit Icon als Briefumschlag und Carsten Marmulla l\u00e4chelnd im Anzug.\" width=\"300\" height=\"167\" srcset=\"https:\/\/www.carmasec.com\/wp-content\/uploads\/2026\/04\/Newsletter_carmasec_anmeldung-300x167.jpg 300w, https:\/\/www.carmasec.com\/wp-content\/uploads\/2026\/04\/Newsletter_carmasec_anmeldung-1024x570.jpg 1024w, https:\/\/www.carmasec.com\/wp-content\/uploads\/2026\/04\/Newsletter_carmasec_anmeldung-768x427.jpg 768w, https:\/\/www.carmasec.com\/wp-content\/uploads\/2026\/04\/Newsletter_carmasec_anmeldung-1536x854.jpg 1536w, https:\/\/www.carmasec.com\/wp-content\/uploads\/2026\/04\/Newsletter_carmasec_anmeldung.jpg 1920w\" sizes=\"(max-width: 300px) 100vw, 300px\" \/><\/p>\n\n            <\/article>\n            <div class=\"o-grid__col u-6\/12@sm u-7\/12@lg u-push-1\/12@lg\" data-aos=\"none\">\n                <div class=\"c-card u-bgcolor-gray-blue u-p-x6 u-p-x12@md\">\n                    <script>hbspt.forms.create({portalId: \"144374369\", formId: \"5827ad84-abf1-46df-8afc-05a41cae4825\"});<\/script>\n                <\/div>\n            <\/div>\n        <\/div>\n    <\/div>\n<\/section>","protected":false},"excerpt":{"rendered":"","protected":false},"author":4,"featured_media":0,"parent":0,"menu_order":60,"comment_status":"closed","ping_status":"closed","template":"","meta":{"_acf_changed":false,"footnotes":""},"class_list":["post-2448","page","type-page","status-publish","hentry"],"acf":[],"yoast_head":"<!-- This site is optimized with the Yoast SEO Premium plugin v27.4 (Yoast SEO v27.5) - https:\/\/yoast.com\/product\/yoast-seo-premium-wordpress\/ -->\n<title>Newsletteranmeldung - carmasec<\/title>\n<meta name=\"description\" content=\"Bleibe informiert. Cybersecurity-Updates ohne L\u00e4rm. security.alert. liefert dir, was IT- und Sicherheitsverantwortliche wirklich brauchen, direkt von carmasec. Melde dich sofort an.\" \/>\n<meta name=\"robots\" content=\"index, follow, max-snippet:-1, max-image-preview:large, max-video-preview:-1\" \/>\n<link rel=\"canonical\" href=\"https:\/\/www.carmasec.com\/de\/newsletter-cyberpulse\/\" \/>\n<meta property=\"og:locale\" content=\"de_DE\" \/>\n<meta property=\"og:type\" content=\"article\" \/>\n<meta property=\"og:title\" content=\"Newsletteranmeldung\" \/>\n<meta property=\"og:description\" content=\"Bleibe informiert. Cybersecurity-Updates ohne L\u00e4rm. security.alert. liefert dir, was IT- und Sicherheitsverantwortliche wirklich brauchen, direkt von carmasec. Melde dich sofort an.\" \/>\n<meta property=\"og:url\" content=\"https:\/\/www.carmasec.com\/de\/newsletter-cyberpulse\/\" \/>\n<meta property=\"og:site_name\" content=\"carmasec\" \/>\n<meta property=\"article:modified_time\" content=\"2026-04-20T08:24:52+00:00\" \/>\n<meta name=\"twitter:card\" content=\"summary_large_image\" \/>\n<meta name=\"twitter:label1\" content=\"Gesch\u00e4tzte Lesezeit\" \/>\n\t<meta name=\"twitter:data1\" content=\"1\u00a0Minute\" \/>\n<script type=\"application\/ld+json\" class=\"yoast-schema-graph\">{\"@context\":\"https:\\\/\\\/schema.org\",\"@graph\":[{\"@type\":\"WebPage\",\"@id\":\"https:\\\/\\\/www.carmasec.com\\\/de\\\/newsletter-cyberpulse\\\/\",\"url\":\"https:\\\/\\\/www.carmasec.com\\\/de\\\/newsletter-cyberpulse\\\/\",\"name\":\"Newsletteranmeldung - carmasec\",\"isPartOf\":{\"@id\":\"https:\\\/\\\/www.carmasec.com\\\/de\\\/#website\"},\"datePublished\":\"2026-04-19T15:35:17+00:00\",\"dateModified\":\"2026-04-20T08:24:52+00:00\",\"description\":\"Bleibe informiert. Cybersecurity-Updates ohne L\u00e4rm. security.alert. liefert dir, was IT- und Sicherheitsverantwortliche wirklich brauchen, direkt von carmasec. Melde dich sofort an.\",\"breadcrumb\":{\"@id\":\"https:\\\/\\\/www.carmasec.com\\\/de\\\/newsletter-cyberpulse\\\/#breadcrumb\"},\"inLanguage\":\"de\",\"potentialAction\":[{\"@type\":\"ReadAction\",\"target\":[\"https:\\\/\\\/www.carmasec.com\\\/de\\\/newsletter-cyberpulse\\\/\"]}]},{\"@type\":\"BreadcrumbList\",\"@id\":\"https:\\\/\\\/www.carmasec.com\\\/de\\\/newsletter-cyberpulse\\\/#breadcrumb\",\"itemListElement\":[{\"@type\":\"ListItem\",\"position\":1,\"name\":\"Startseite\",\"item\":\"https:\\\/\\\/www.carmasec.com\\\/de\\\/\"},{\"@type\":\"ListItem\",\"position\":2,\"name\":\"Newsletteranmeldung\"}]},{\"@type\":\"WebSite\",\"@id\":\"https:\\\/\\\/www.carmasec.com\\\/de\\\/#website\",\"url\":\"https:\\\/\\\/www.carmasec.com\\\/de\\\/\",\"name\":\"carmasec\",\"description\":\"\",\"publisher\":{\"@id\":\"https:\\\/\\\/www.carmasec.com\\\/de\\\/#organization\"},\"potentialAction\":[{\"@type\":\"SearchAction\",\"target\":{\"@type\":\"EntryPoint\",\"urlTemplate\":\"https:\\\/\\\/www.carmasec.com\\\/de\\\/?s={search_term_string}\"},\"query-input\":{\"@type\":\"PropertyValueSpecification\",\"valueRequired\":true,\"valueName\":\"search_term_string\"}}],\"inLanguage\":\"de\"},{\"@type\":[\"Organization\",\"Place\"],\"@id\":\"https:\\\/\\\/www.carmasec.com\\\/de\\\/#organization\",\"name\":\"carmasec GmbH & Co. KG\",\"alternateName\":\"carmasec\",\"url\":\"https:\\\/\\\/www.carmasec.com\\\/de\\\/\",\"logo\":{\"@id\":\"https:\\\/\\\/www.carmasec.com\\\/de\\\/newsletter-cyberpulse\\\/#local-main-organization-logo\"},\"image\":{\"@id\":\"https:\\\/\\\/www.carmasec.com\\\/de\\\/newsletter-cyberpulse\\\/#local-main-organization-logo\"},\"sameAs\":[\"https:\\\/\\\/www.linkedin.com\\\/company\\\/carmasec\\\/\"],\"description\":\"Die carmasec GmbH & Co. KG ist eine auf Cybersicherheit und Cyberresilienz spezialisierte Beratungsunternehmen mit Sitz in Essen. Das Leistungsspektrum verbindet zwei essenzielle Welten: strategische Compliance und dem Schutz vor Cyberangriffen. Mit einem klaren Fokus auf agile Sicherheitsprozesse unterst\u00fctzt carmasec Kunden branchenneutral und herstellerunabh\u00e4ngig. Das interdisziplin\u00e4re Team integriert langj\u00e4hrige Beratungserfahrung mit modernen Arbeitsweisen, um komplexe Anforderungen \u2013 von ISMS und Risikomanagement bis hin zu Cloud Security und Offensive Security \u2013 effizient umzusetzen. Zu den Kunden z\u00e4hlen der gehobene Mittelstand sowie internationale Konzerne, insbesondere aus Finanz- und Versicherungswesen, Fertigungsindustrie, Automotive sowie Kritischen Infrastrukturen. Mit der etablierten Veranstaltungsreihe \u201efriends of carmasec\\\" schafft das Unternehmen eine zentrale Plattform f\u00fcr den Branchen-Dialog und vernetzt regelm\u00e4\u00dfig Entscheidungstr\u00e4ger:innen und Expert:innen aus der Security-Community. carmasec bef\u00e4higt Organisationen, Risiken ganzheitlich zu managen und digitale Infrastrukturen proaktiv zu sch\u00fctzen.\",\"legalName\":\"carmasec GmbH & Co. KG\",\"foundingDate\":\"2018-12-18\",\"numberOfEmployees\":{\"@type\":\"QuantitativeValue\",\"minValue\":\"11\",\"maxValue\":\"50\"},\"telephone\":[],\"openingHoursSpecification\":[{\"@type\":\"OpeningHoursSpecification\",\"dayOfWeek\":[\"Monday\",\"Tuesday\",\"Wednesday\",\"Thursday\",\"Friday\",\"Saturday\",\"Sunday\"],\"opens\":\"09:00\",\"closes\":\"17:00\"}]},{\"@type\":\"ImageObject\",\"inLanguage\":\"de\",\"@id\":\"https:\\\/\\\/www.carmasec.com\\\/de\\\/newsletter-cyberpulse\\\/#local-main-organization-logo\",\"url\":\"https:\\\/\\\/www.carmasec.com\\\/wp-content\\\/uploads\\\/2026\\\/02\\\/logo-carmasec.svg\",\"contentUrl\":\"https:\\\/\\\/www.carmasec.com\\\/wp-content\\\/uploads\\\/2026\\\/02\\\/logo-carmasec.svg\",\"width\":299,\"height\":40,\"caption\":\"carmasec GmbH & Co. KG\"}]}<\/script>\n<!-- \/ Yoast SEO Premium plugin. -->","yoast_head_json":{"title":"Newsletteranmeldung - carmasec","description":"Bleibe informiert. Cybersecurity-Updates ohne L\u00e4rm. security.alert. liefert dir, was IT- und Sicherheitsverantwortliche wirklich brauchen, direkt von carmasec. Melde dich sofort an.","robots":{"index":"index","follow":"follow","max-snippet":"max-snippet:-1","max-image-preview":"max-image-preview:large","max-video-preview":"max-video-preview:-1"},"canonical":"https:\/\/www.carmasec.com\/de\/newsletter-cyberpulse\/","og_locale":"de_DE","og_type":"article","og_title":"Newsletteranmeldung","og_description":"Bleibe informiert. Cybersecurity-Updates ohne L\u00e4rm. security.alert. liefert dir, was IT- und Sicherheitsverantwortliche wirklich brauchen, direkt von carmasec. Melde dich sofort an.","og_url":"https:\/\/www.carmasec.com\/de\/newsletter-cyberpulse\/","og_site_name":"carmasec","article_modified_time":"2026-04-20T08:24:52+00:00","twitter_card":"summary_large_image","twitter_misc":{"Gesch\u00e4tzte Lesezeit":"1\u00a0Minute"},"schema":{"@context":"https:\/\/schema.org","@graph":[{"@type":"WebPage","@id":"https:\/\/www.carmasec.com\/de\/newsletter-cyberpulse\/","url":"https:\/\/www.carmasec.com\/de\/newsletter-cyberpulse\/","name":"Newsletteranmeldung - carmasec","isPartOf":{"@id":"https:\/\/www.carmasec.com\/de\/#website"},"datePublished":"2026-04-19T15:35:17+00:00","dateModified":"2026-04-20T08:24:52+00:00","description":"Bleibe informiert. Cybersecurity-Updates ohne L\u00e4rm. security.alert. liefert dir, was IT- und Sicherheitsverantwortliche wirklich brauchen, direkt von carmasec. Melde dich sofort an.","breadcrumb":{"@id":"https:\/\/www.carmasec.com\/de\/newsletter-cyberpulse\/#breadcrumb"},"inLanguage":"de","potentialAction":[{"@type":"ReadAction","target":["https:\/\/www.carmasec.com\/de\/newsletter-cyberpulse\/"]}]},{"@type":"BreadcrumbList","@id":"https:\/\/www.carmasec.com\/de\/newsletter-cyberpulse\/#breadcrumb","itemListElement":[{"@type":"ListItem","position":1,"name":"Startseite","item":"https:\/\/www.carmasec.com\/de\/"},{"@type":"ListItem","position":2,"name":"Newsletteranmeldung"}]},{"@type":"WebSite","@id":"https:\/\/www.carmasec.com\/de\/#website","url":"https:\/\/www.carmasec.com\/de\/","name":"carmasec","description":"","publisher":{"@id":"https:\/\/www.carmasec.com\/de\/#organization"},"potentialAction":[{"@type":"SearchAction","target":{"@type":"EntryPoint","urlTemplate":"https:\/\/www.carmasec.com\/de\/?s={search_term_string}"},"query-input":{"@type":"PropertyValueSpecification","valueRequired":true,"valueName":"search_term_string"}}],"inLanguage":"de"},{"@type":["Organization","Place"],"@id":"https:\/\/www.carmasec.com\/de\/#organization","name":"carmasec GmbH & Co. KG","alternateName":"carmasec","url":"https:\/\/www.carmasec.com\/de\/","logo":{"@id":"https:\/\/www.carmasec.com\/de\/newsletter-cyberpulse\/#local-main-organization-logo"},"image":{"@id":"https:\/\/www.carmasec.com\/de\/newsletter-cyberpulse\/#local-main-organization-logo"},"sameAs":["https:\/\/www.linkedin.com\/company\/carmasec\/"],"description":"Die carmasec GmbH & Co. KG ist eine auf Cybersicherheit und Cyberresilienz spezialisierte Beratungsunternehmen mit Sitz in Essen. Das Leistungsspektrum verbindet zwei essenzielle Welten: strategische Compliance und dem Schutz vor Cyberangriffen. Mit einem klaren Fokus auf agile Sicherheitsprozesse unterst\u00fctzt carmasec Kunden branchenneutral und herstellerunabh\u00e4ngig. Das interdisziplin\u00e4re Team integriert langj\u00e4hrige Beratungserfahrung mit modernen Arbeitsweisen, um komplexe Anforderungen \u2013 von ISMS und Risikomanagement bis hin zu Cloud Security und Offensive Security \u2013 effizient umzusetzen. Zu den Kunden z\u00e4hlen der gehobene Mittelstand sowie internationale Konzerne, insbesondere aus Finanz- und Versicherungswesen, Fertigungsindustrie, Automotive sowie Kritischen Infrastrukturen. Mit der etablierten Veranstaltungsreihe \u201efriends of carmasec\" schafft das Unternehmen eine zentrale Plattform f\u00fcr den Branchen-Dialog und vernetzt regelm\u00e4\u00dfig Entscheidungstr\u00e4ger:innen und Expert:innen aus der Security-Community. carmasec bef\u00e4higt Organisationen, Risiken ganzheitlich zu managen und digitale Infrastrukturen proaktiv zu sch\u00fctzen.","legalName":"carmasec GmbH & Co. KG","foundingDate":"2018-12-18","numberOfEmployees":{"@type":"QuantitativeValue","minValue":"11","maxValue":"50"},"telephone":[],"openingHoursSpecification":[{"@type":"OpeningHoursSpecification","dayOfWeek":["Monday","Tuesday","Wednesday","Thursday","Friday","Saturday","Sunday"],"opens":"09:00","closes":"17:00"}]},{"@type":"ImageObject","inLanguage":"de","@id":"https:\/\/www.carmasec.com\/de\/newsletter-cyberpulse\/#local-main-organization-logo","url":"https:\/\/www.carmasec.com\/wp-content\/uploads\/2026\/02\/logo-carmasec.svg","contentUrl":"https:\/\/www.carmasec.com\/wp-content\/uploads\/2026\/02\/logo-carmasec.svg","width":299,"height":40,"caption":"carmasec GmbH & Co. KG"}]}},"_links":{"self":[{"href":"https:\/\/www.carmasec.com\/de\/wp-json\/wp\/v2\/pages\/2448","targetHints":{"allow":["GET"]}}],"collection":[{"href":"https:\/\/www.carmasec.com\/de\/wp-json\/wp\/v2\/pages"}],"about":[{"href":"https:\/\/www.carmasec.com\/de\/wp-json\/wp\/v2\/types\/page"}],"author":[{"embeddable":true,"href":"https:\/\/www.carmasec.com\/de\/wp-json\/wp\/v2\/users\/4"}],"replies":[{"embeddable":true,"href":"https:\/\/www.carmasec.com\/de\/wp-json\/wp\/v2\/comments?post=2448"}],"version-history":[{"count":5,"href":"https:\/\/www.carmasec.com\/de\/wp-json\/wp\/v2\/pages\/2448\/revisions"}],"predecessor-version":[{"id":2472,"href":"https:\/\/www.carmasec.com\/de\/wp-json\/wp\/v2\/pages\/2448\/revisions\/2472"}],"wp:attachment":[{"href":"https:\/\/www.carmasec.com\/de\/wp-json\/wp\/v2\/media?parent=2448"}],"curies":[{"name":"wp","href":"https:\/\/api.w.org\/{rel}","templated":true}]}}